{"id":10,"date":"2016-06-20T23:37:37","date_gmt":"2016-06-20T21:37:37","guid":{"rendered":"http:\/\/poradnictwo.deignis.pl\/?page_id=10"},"modified":"2025-02-04T18:32:13","modified_gmt":"2025-02-04T17:32:13","slug":"lista-punktow","status":"publish","type":"page","link":"http:\/\/poradnictwo.deignis.pl\/index.php\/lista-punktow\/","title":{"rendered":"Lista punkt\u00f3w"},"content":{"rendered":"<h3><strong>+<span style=\"font-size: 12pt;\"> <a href=\"http:\/\/poradnictwo.deignis.pl\/index.php\/lista-punktow\/gdansk\/\">Chrze\u015bcija\u0144ski Punkt Poradnictwa ICHTHYS<\/a><\/span><br \/>\n<\/strong><\/h3>\n<p><strong>Ma\u0142gorzata \u0141\u0119cka <\/strong>(konsultant kryzysowy, coach, mentor chrze\u015bcija\u0144ski, psychotraumatolog)<br \/>\ntel. 730-005-334<br \/>\nul. Jagiello\u0144ska 5 (Chrze\u015bcija\u0144ska Szko\u0142a Montessori). 80-371 Gda\u0144sk<\/p>\n<p><strong>+ <a href=\"http:\/\/poradnictwo.deignis.pl\/index.php\/lista-punktow\/katowice\/\">Chrze\u015bcija\u0144ski Punkt Poradnictwa ICHTHYS<\/a><\/strong><\/p>\n<p><strong>Joanna Chmielewska<\/strong> (doradca rodzinny, mediator), tel. 501-643-842<br \/>\nul. Kaktus\u00f3w 5, 40-168 Katowice<\/p>\n<p><strong><span style=\"font-size: 12pt;\">+ <a href=\"http:\/\/poradnictwo.deignis.pl\/index.php\/lista-punktow\/lublin\/\">Chrze\u015bcija\u0144skie Punkty Poradnictwa ICHTHYS<\/a><\/span><br \/>\n<\/strong><\/p>\n<p><strong>Anna Pachla<\/strong>, tel. 516-767-003<br \/>\nAleja Kra\u015bnicka 148 A, Lublin<\/p>\n<p><strong>+ <a href=\"http:\/\/poradnictwo.deignis.pl\/index.php\/lista-punktow\/pomysk\/\">Chrze\u015bcija\u0144ski Punkt Poradnictwa ICHTHYS w Pomysku Wielkim<\/a><\/strong><\/p>\n<p><strong>J\u00f3zef Pawlik<\/strong>, tel. 59-823-13-42<br \/>\nul. Stary Staw 1, 77-100 Pomysk Wielki<\/p>\n<p><strong>+ <a href=\"http:\/\/poradnictwo.deignis.pl\/index.php\/lista-punktow\/poznan\/\">Pomoc Psychologiczna w Poznaniu<\/a><\/strong><\/p>\n<p><strong>Krystyna Zaremba<\/strong> (psychiatra), tel. 791-990-676,<br \/>\n<strong>Ma\u0142gorzata Stanis\u0142awiak <\/strong>(psycholog i psychoterapeuta, terapia indywidualna, rodzinna i par, stacjonarnie i online), tel. 693-851-809<br \/>\nPoradnia ul. Sielska 8\/10, Pozna\u0144<\/p>\n<p><strong>+ <a href=\"http:\/\/poradnictwo.deignis.pl\/index.php\/lista-punktow\/radom\/\">Chrze\u015bcija\u0144ski Punkt Poradnictwa w Radomiu<\/a><\/strong><\/p>\n<p><strong>Iwona Stanik<\/strong> (doradca), tel. 660-566-111<br \/>\nul. Biznesowa 9, Radom, pok\u00f3j 39<\/p>\n<p><strong>+ <a href=\"http:\/\/poradnictwo.deignis.pl\/index.php\/lista-punktow\/radom\/\">Prywatna Chrze\u015bcija\u0144ska Poradnia Psychologiczna &#8222;IMPULS&#8221;<\/a><\/strong><\/p>\n<p><strong>Beata Po\u0142omska <\/strong>(psycholog), tel. 604-090-307<br \/>\nul. Czarnoleska 6, 26-600 Radom<br \/>\nTak\u017ce terapia on-line<br \/>\nSzczeg\u00f3\u0142y na stronie: <a href=\"http:\/\/www.psycholog-chrzescijanski.pl\/\" target=\"_blank\" rel=\"noopener\">www.psycholog-chrzescijanski.pl<\/a><\/p>\n<p><strong>+ <a href=\"http:\/\/poradnictwo.deignis.pl\/index.php\/lista-punktow\/wroclaw\/\">Chrze\u015bcija\u0144ski Punkt Poradnictwa we Wroc\u0142awiu<\/a><\/strong><\/p>\n<p><strong>Ireneusz Bilski<\/strong>, <strong>Kinga Bilska<\/strong>, tel.793-023-399<br \/>\nul. S\u0119pia 2\/6, 53-110 Wroc\u0142aw<\/p>\n","protected":false},"excerpt":{"rendered":"<p>+ Chrze\u015bcija\u0144ski Punkt Poradnictwa ICHTHYS Ma\u0142gorzata \u0141\u0119cka (konsultant kryzysowy, coach, mentor chrze\u015bcija\u0144ski, psychotraumatolog) tel. 730-005-334 ul. Jagiello\u0144ska 5 (Chrze\u015bcija\u0144ska Szko\u0142a Montessori). 80-371 Gda\u0144sk + Chrze\u015bcija\u0144ski Punkt Poradnictwa ICHTHYS Joanna Chmielewska (doradca rodzinny, mediator), tel. 501-643-842 ul. Kaktus\u00f3w 5, 40-168 Katowice + Chrze\u015bcija\u0144skie Punkty Poradnictwa ICHTHYS Anna Pachla, tel. 516-767-003 Aleja Kra\u015bnicka 148 A, Lublin + &#8230; <a title=\"Lista punkt\u00f3w\" class=\"read-more\" href=\"http:\/\/poradnictwo.deignis.pl\/index.php\/lista-punktow\/\" aria-label=\"Dowiedz si\u0119 wi\u0119cej o Lista punkt\u00f3w\">czytaj dalej<\/a><\/p>\n","protected":false},"author":1,"featured_media":0,"parent":0,"menu_order":0,"comment_status":"closed","ping_status":"closed","template":"","meta":{"generate_page_header":"","footnotes":""},"class_list":["post-10","page","type-page","status-publish"],"_links":{"self":[{"href":"http:\/\/poradnictwo.deignis.pl\/index.php\/wp-json\/wp\/v2\/pages\/10","targetHints":{"allow":["GET"]}}],"collection":[{"href":"http:\/\/poradnictwo.deignis.pl\/index.php\/wp-json\/wp\/v2\/pages"}],"about":[{"href":"http:\/\/poradnictwo.deignis.pl\/index.php\/wp-json\/wp\/v2\/types\/page"}],"author":[{"embeddable":true,"href":"http:\/\/poradnictwo.deignis.pl\/index.php\/wp-json\/wp\/v2\/users\/1"}],"replies":[{"embeddable":true,"href":"http:\/\/poradnictwo.deignis.pl\/index.php\/wp-json\/wp\/v2\/comments?post=10"}],"version-history":[{"count":12,"href":"http:\/\/poradnictwo.deignis.pl\/index.php\/wp-json\/wp\/v2\/pages\/10\/revisions"}],"predecessor-version":[{"id":604,"href":"http:\/\/poradnictwo.deignis.pl\/index.php\/wp-json\/wp\/v2\/pages\/10\/revisions\/604"}],"wp:attachment":[{"href":"http:\/\/poradnictwo.deignis.pl\/index.php\/wp-json\/wp\/v2\/media?parent=10"}],"curies":[{"name":"wp","href":"https:\/\/api.w.org\/{rel}","templated":true}]}}