{"id":39,"date":"2016-10-18T10:05:12","date_gmt":"2016-10-18T08:05:12","guid":{"rendered":"http:\/\/poradnictwo.deignis.pl\/?page_id=39"},"modified":"2025-02-04T18:16:55","modified_gmt":"2025-02-04T17:16:55","slug":"pomysk","status":"publish","type":"page","link":"http:\/\/poradnictwo.deignis.pl\/index.php\/lista-punktow\/pomysk\/","title":{"rendered":"Pomysk"},"content":{"rendered":"<h3><strong>+ Chrze\u015bcija\u0144ski Punkt Poradnictwa ICHTHYS<br \/>\n<\/strong><\/h3>\n<p>Stary Staw 1, 77-100 Pomysk Wielki<br \/>\n<strong>J\u00f3zef Pawlik<\/strong>, tel. 59-823-13-42<\/p>\n","protected":false},"excerpt":{"rendered":"<p>+ Chrze\u015bcija\u0144ski Punkt Poradnictwa ICHTHYS Stary Staw 1, 77-100 Pomysk Wielki J\u00f3zef Pawlik, tel. 59-823-13-42<\/p>\n","protected":false},"author":1,"featured_media":0,"parent":10,"menu_order":0,"comment_status":"closed","ping_status":"closed","template":"","meta":{"generate_page_header":"","footnotes":""},"class_list":["post-39","page","type-page","status-publish"],"_links":{"self":[{"href":"http:\/\/poradnictwo.deignis.pl\/index.php\/wp-json\/wp\/v2\/pages\/39","targetHints":{"allow":["GET"]}}],"collection":[{"href":"http:\/\/poradnictwo.deignis.pl\/index.php\/wp-json\/wp\/v2\/pages"}],"about":[{"href":"http:\/\/poradnictwo.deignis.pl\/index.php\/wp-json\/wp\/v2\/types\/page"}],"author":[{"embeddable":true,"href":"http:\/\/poradnictwo.deignis.pl\/index.php\/wp-json\/wp\/v2\/users\/1"}],"replies":[{"embeddable":true,"href":"http:\/\/poradnictwo.deignis.pl\/index.php\/wp-json\/wp\/v2\/comments?post=39"}],"version-history":[{"count":3,"href":"http:\/\/poradnictwo.deignis.pl\/index.php\/wp-json\/wp\/v2\/pages\/39\/revisions"}],"predecessor-version":[{"id":598,"href":"http:\/\/poradnictwo.deignis.pl\/index.php\/wp-json\/wp\/v2\/pages\/39\/revisions\/598"}],"up":[{"embeddable":true,"href":"http:\/\/poradnictwo.deignis.pl\/index.php\/wp-json\/wp\/v2\/pages\/10"}],"wp:attachment":[{"href":"http:\/\/poradnictwo.deignis.pl\/index.php\/wp-json\/wp\/v2\/media?parent=39"}],"curies":[{"name":"wp","href":"https:\/\/api.w.org\/{rel}","templated":true}]}}