{"id":44,"date":"2016-10-18T10:06:46","date_gmt":"2016-10-18T08:06:46","guid":{"rendered":"http:\/\/poradnictwo.deignis.pl\/?page_id=44"},"modified":"2016-11-21T12:56:35","modified_gmt":"2016-11-21T11:56:35","slug":"katowice","status":"publish","type":"page","link":"http:\/\/poradnictwo.deignis.pl\/index.php\/lista-punktow\/katowice\/","title":{"rendered":"Katowice"},"content":{"rendered":"<h3><strong>+ Chrze\u015bcija\u0144ski Punkt Poradnictwa ICHTHYS<\/strong><\/h3>\n<p>ul. Kaktus\u00f3w 5, 40-168 KATOWICE<br \/>\ntel. 501-643-842<br \/>\n<strong>Joanna Chmielewska<\/strong>, doradca rodzinny, mediator<\/p>\n","protected":false},"excerpt":{"rendered":"<p>+ Chrze\u015bcija\u0144ski Punkt Poradnictwa ICHTHYS ul. Kaktus\u00f3w 5, 40-168 KATOWICE tel. 501-643-842 Joanna Chmielewska, doradca rodzinny, mediator<\/p>\n","protected":false},"author":1,"featured_media":0,"parent":10,"menu_order":0,"comment_status":"closed","ping_status":"closed","template":"page-full-width.php","meta":{"generate_page_header":"","footnotes":""},"class_list":["post-44","page","type-page","status-publish"],"_links":{"self":[{"href":"http:\/\/poradnictwo.deignis.pl\/index.php\/wp-json\/wp\/v2\/pages\/44","targetHints":{"allow":["GET"]}}],"collection":[{"href":"http:\/\/poradnictwo.deignis.pl\/index.php\/wp-json\/wp\/v2\/pages"}],"about":[{"href":"http:\/\/poradnictwo.deignis.pl\/index.php\/wp-json\/wp\/v2\/types\/page"}],"author":[{"embeddable":true,"href":"http:\/\/poradnictwo.deignis.pl\/index.php\/wp-json\/wp\/v2\/users\/1"}],"replies":[{"embeddable":true,"href":"http:\/\/poradnictwo.deignis.pl\/index.php\/wp-json\/wp\/v2\/comments?post=44"}],"version-history":[{"count":4,"href":"http:\/\/poradnictwo.deignis.pl\/index.php\/wp-json\/wp\/v2\/pages\/44\/revisions"}],"predecessor-version":[{"id":187,"href":"http:\/\/poradnictwo.deignis.pl\/index.php\/wp-json\/wp\/v2\/pages\/44\/revisions\/187"}],"up":[{"embeddable":true,"href":"http:\/\/poradnictwo.deignis.pl\/index.php\/wp-json\/wp\/v2\/pages\/10"}],"wp:attachment":[{"href":"http:\/\/poradnictwo.deignis.pl\/index.php\/wp-json\/wp\/v2\/media?parent=44"}],"curies":[{"name":"wp","href":"https:\/\/api.w.org\/{rel}","templated":true}]}}