{"id":48,"date":"2016-10-18T10:07:35","date_gmt":"2016-10-18T08:07:35","guid":{"rendered":"http:\/\/poradnictwo.deignis.pl\/?page_id=48"},"modified":"2025-02-04T18:38:21","modified_gmt":"2025-02-04T17:38:21","slug":"poznan","status":"publish","type":"page","link":"http:\/\/poradnictwo.deignis.pl\/index.php\/lista-punktow\/poznan\/","title":{"rendered":"Pozna\u0144"},"content":{"rendered":"<h3><strong>+ Pomoc Psychologiczna w Poznaniu<br \/>\n<\/strong><\/h3>\n<div style=\"direction: ltr; border-width: 100%;\">\n<div style=\"direction: ltr; margin-top: 0in; margin-left: 0in;\">\n<div style=\"direction: ltr; margin-top: 0in; margin-left: 0in;\">\n<p style=\"margin: 0in; font-family: Calibri; font-size: 14.0pt;\"><span style=\"font-family: helvetica, arial, sans-serif;\"><span style=\"font-weight: bold;\">Krystyna Zaremba<\/span> tel. 791-990-676<\/span><\/p>\n<p style=\"margin: 0in;\"><span style=\"font-family: helvetica, arial, sans-serif;\"><img loading=\"lazy\" decoding=\"async\" class=\"alignright\" src=\"data:image\/jpeg;base64,\/9j\/4AAQSkZJRgABAQEASABIAAD\/4RXORXhpZgAATU0AKgAAAAgACAEPAAIAAAAESFRDAAEQAAIAAAAIAAAIegESAAMAAAABAAEAAAEyAAIAAAAUAAAIggITAAMAAAABAAEIHodpAAQAAAABAAAIloglAAQAAAABAAAU8uocAAcAAAgMAAAAbgAAAAAc6gAAAAgAAAAAAAAAAAAAAAAAAAAAAAAAAAAAAAAAAAAAAAAAAAAAAAAAAAAAAAAAAAAAAAAAAAAAAAAAAAAAAAAAAAAAAAAAAAAAAAAAAAAAAAAAAAAAAAAAAAAAAAAAAAAAAAAAAAAAAAAAAAAAAAAAAAAAAAAAAAAAAAAAAAAAAAAAAAAAAAAAAAAAAAAAAAAAAAAAAAAAAAAAAAAAAAAAAAAAAAAAAAAAAAAAAAAAAAAAAAAAAAAAAAAAAAAAAAAAAAAAAAAAAAAAAAAAAAAAAAAAAAAAAAAAAAAAAAAAAAAAAAAAAAAAAAAAAAAAAAAAAAAAAAAAAAAAAAAAAAAAAAAAAAAAAAAAAAAAAAAAAAAAAAAAAAAAAAAAAAAAAAAAAAAAAAAAAAAAAAAAAAAAAAAAAAAAAAAAAAAAAAAAAAAAAAAAAAAAAAAAAAAAAAAAAAAAAAAAAAAAAAAAAAAAAAAAAAAAAAAAAAAAAAAAAAAAAAAAAAAAAAAAAAAAAAAAAAAAAAAAAAAAAAAAAAAAAAAAAAAAAAAAAAAAAAAAAAAAAAAAAAAAAAAAAAAAAAAAAAAAAAAAAAAAAAAAAAAAAAAAAAAAAAAAAAAAAAAAAAAAAAAAAAAAAAAAAAAAAAAAAAAAAAAAAAAAAAAAAAAAAAAAAAAAAAAAAAAAAAAAAAAAAAAAAAAAAAAAAAAAAAAAAAAAAAAAAAAAAAAAAAAAAAAAAAAAAAAAAAAAAAAAAAAAAAAAAAAAAAAAAAAAAAAAAAAAAAAAAAAAAAAAAAAAAAAAAAAAAAAAAAAAAAAAAAAAAAAAAAAAAAAAAAAAAAAAAAAAAAAAAAAAAAAAAAAAAAAAAAAAAAAAAAAAAAAAAAAAAAAAAAAAAAAAAAAAAAAAAAAAAAAAAAAAAAAAAAAAAAAAAAAAAAAAAAAAAAAAAAAAAAAAAAAAAAAAAAAAAAAAAAAAAAAAAAAAAAAAAAAAAAAAAAAAAAAAAAAAAAAAAAAAAAAAAAAAAAAAAAAAAAAAAAAAAAAAAAAAAAAAAAAAAAAAAAAAAAAAAAAAAAAAAAAAAAAAAAAAAAAAAAAAAAAAAAAAAAAAAAAAAAAAAAAAAAAAAAAAAAAAAAAAAAAAAAAAAAAAAAAAAAAAAAAAAAAAAAAAAAAAAAAAAAAAAAAAAAAAAAAAAAAAAAAAAAAAAAAAAAAAAAAAAAAAAAAAAAAAAAAAAAAAAAAAAAAAAAAAAAAAAAAAAAAAAAAAAAAAAAAAAAAAAAAAAAAAAAAAAAAAAAAAAAAAAAAAAAAAAAAAAAAAAAAAAAAAAAAAAAAAAAAAAAAAAAAAAAAAAAAAAAAAAAAAAAAAAAAAAAAAAAAAAAAAAAAAAAAAAAAAAAAAAAAAAAAAAAAAAAAAAAAAAAAAAAAAAAAAAAAAAAAAAAAAAAAAAAAAAAAAAAAAAAAAAAAAAAAAAAAAAAAAAAAAAAAAAAAAAAAAAAAAAAAAAAAAAAAAAAAAAAAAAAAAAAAAAAAAAAAAAAAAAAAAAAAAAAAAAAAAAAAAAAAAAAAAAAAAAAAAAAAAAAAAAAAAAAAAAAAAAAAAAAAAAAAAAAAAAAAAAAAAAAAAAAAAAAAAAAAAAAAAAAAAAAAAAAAAAAAAAAAAAAAAAAAAAAAAAAAAAAAAAAAAAAAAAAAAAAAAAAAAAAAAAAAAAAAAAAAAAAAAAAAAAAAAAAAAAAAAAAAAAAAAAAAAAAAAAAAAAAAAAAAAAAAAAAAAAAAAAAAAAAAAAAAAAAAAAAAAAAAAAAAAAAAAAAAAAAAAAAAAAAAAAAAAAAAAAAAAAAAAAAAAAAAAAAAAAAAAAAAAAAAAAAAAAAAAAAAAAAAAAAAAAAAAAAAAAAAAAAAAAAAAAAAAAAAAAAAAAAAAAAAAAAAAAAAAAAAAAAAAAAAAAAAAAAAAAAAAAAAAAAAAAAAAAAAAAAAAAAAAAAAAAAAAAAAAAAAAAAAAAAAAAAAAAAAAAAAAAAAAAAAAAAAAAAAAAAAAAAAAAAAAAAAAAAAAAAAAAAAAAAAAAAAAAAAAAAAAAAAAAAAAAAAAAAAAAAAAAAAAAAAAAAAAAAAAAAAAAAAAAAAAAAAAAAAAAAAAAAAAAAAAAAAAAAAAAAAAAAAAAAAAAAAAAAAAAAAAAAAAAAAAAAAAAAAAAAAAAAAAAAAAAAAAAAAAAAAAAAAAAAAAAAAAAAAAAAAAAAAAAAAAAAAAAAAAAAAAAAAAAAAAAAAAAAAAAAAAAAAAAAAAAAAAAAAAAAAAAAAAAAAAAAAAAAAAAAAAAAAAAAAAAAAAAAAAAAAAAAAAAAAAAAAAAAAAAAAAAAAAAAAAAAAAAAAAAAAAAAAAAAAAAAAAAAAAAAAAAAAAAAAAAAAAAAAAAAAAAAAAAAAAAAAAAAAAAAAAAAAAAAAAAAAAAAAAAAAAAAAAAAAAAAAAAAAAAAAAAAAAAAAAAAAAAAAAAAAAAAAAAAAAAAAAAAAAAAAAAAAAAAAAAAAAAAAAAAAAAAAAAAAAAAAAAAAAAAAAAAAAAAAAAAAAAAAAAAAAAAAAAAAAAAAAAAAAAAAAAAAAAAAAAAAAAAAAAAAAAAAAAAAAAAAAAAAAAAAAAAAAAAAAAAAAAAAAAAAAAAAAAAAAAAAAAAAAAAAAAAAAAAAAAAAAAAAAAAAAAAAAAAAAAAAAAAAAAAAAAAAAAAAAAAAAAAAAAAAAAAAAAAAAAAAAAAAAAAAAAEhUQyBPbmUAMjAxNDowNzoyOCAxNzoxNTozMAAAJYKaAAUAAAABAAASZIKdAAUAAAABAAASbIgiAAMAAAABAAIAAIgnAAMAAAABAH0AAJAAAAcAAAAEMDIyMJADAAIAAAAUAAASdJAEAAIAAAAUAAASiJEBAAcAAAAEAQIDAJECAAUAAAABAAASnJIBAAUAAAABAAASpJICAAUAAAABAAASrJIDAAUAAAABAAAStJIEAAUAAAABAAASvJIFAAUAAAABAAASxJIHAAMAAAABAP8AAJIIAAMAAAABAAAAAJIJAAMAAAABAAAAAJIKAAUAAAABAAASzJJ8AAcAAAIUAAAS1JKRAAIAAAADNDQAAJKSAAIAAAADNDQAAKAAAAcAAAAEMDEwMKABAAMAAAABAAEAAKACAAQAAAABAAAF8KADAAQAAAABAAAKgKQBAAMAAAABAABMSaQCAAMAAAABAAAAAKQDAAMAAAABAAAAAKQEAAUAAAABAAAU6KQFAAMAAAABAAAAAKQGAAMAAAABAAAAAKQHAAMAAAABAAAAAKQIAAMAAAABAAAAAKQJAAMAAAABAAAAAKQKAAMAAAABAAAAAOocAAcAAAgMAAAKWOodAAkAAAABAAAQVAAAAAAc6gAAAAgAAAAAAAAAAAAAAAAAAAAAAAAAAAAAAAAAAAAAAAAAAAAAAAAAAAAAAAAAAAAAAAAAAAAAAAAAAAAAAAAAAAAAAAAAAAAAAAAAAAAAAAAAAAAAAAAAAAAAAAAAAAAAAAAAAAAAAAAAAAAAAAAAAAAAAAAAAAAAAAAAAAAAAAAAAAAAAAAAAAAAAAAAAAAAAAAAAAAAAAAAAAAAAAAAAAAAAAAAAAAAAAAAAAAAAAAAAAAAAAAAAAAAAAAAAAAAAAAAAAAAAAAAAAAAAAAAAAAAAAAAAAAAAAAAAAAAAAAAAAAAAAAAAAAAAAAAAAAAAAAAAAAAAAAAAAAAAAAAAAAAAAAAAAAAAAAAAAAAAAAAAAAAAAAAAAAAAAAAAAAAAAAAAAAAAAAAAAAAAAAAAAAAAAAAAAAAAAAAAAAAAAAAAAAAAAAAAAAAAAAAAAAAAAAAAAAAAAAAAAAAAAAAAAAAAAAAAAAAAAAAAAAAAAAAAAAAAAAAAAAAAAAAAAAAAAAAAAAAAAAAAAAAAAAAAAAAAAAAAAAAAAAAAAAAAAAAAAAAAAAAAAAAAAAAAAAAAAAAAAAAAAAAAAAAAAAAAAAAAAAAAAAAAAAAAAAAAAAAAAAAAAAAAAAAAAAAAAAAAAAAAAAAAAAAAAAAAAAAAAAAAAAAAAAAAAAAAAAAAAAAAAAAAAAAAAAAAAAAAAAAAAAAAAAAAAAAAAAAAAAAAAAAAAAAAAAAAAAAAAAAAAAAAAAAAAAAAAAAAAAAAAAAAAAAAAAAAAAAAAAAAAAAAAAAAAAAAAAAAAAAAAAAAAAAAAAAAAAAAAAAAAAAAAAAAAAAAAAAAAAAAAAAAAAAAAAAAAAAAAAAAAAAAAAAAAAAAAAAAAAAAAAAAAAAAAAAAAAAAAAAAAAAAAAAAAAAAAAAAAAAAAAAAAAAAAAAAAAAAAAAAAAAAAAAAAAAAAAAAAAAAAAAAAAAAAAAAAAAAAAAAAAAAAAAAAAAAAAAAAAAAAAAAAAAAAAAAAAAAAAAAAAAAAAAAAAAAAAAAAAAAAAAAAAAAAAAAAAAAAAAAAAAAAAAAAAAAAAAAAAAAAAAAAAAAAAAAAAAAAAAAAAAAAAAAAAAAAAAAAAAAAAAAAAAAAAAAAAAAAAAAAAAAAAAAAAAAAAAAAAAAAAAAAAAAAAAAAAAAAAAAAAAAAAAAAAAAAAAAAAAAAAAAAAAAAAAAAAAAAAAAAAAAAAAAAAAAAAAAAAAAAAAAAAAAAAAAAAAAAAAAAAAAAAAAAAAAAAAAAAAAAAAAAAAAAAAAAAAAAAAAAAAAAAAAAAAAAAAAAAAAAAAAAAAAAAAAAAAAAAAAAAAAAAAAAAAAAAAAAAAAAAAAAAAAAAAAAAAAAAAAAAAAAAAAAAAAAAAAAAAAAAAAAAAAAAAAAAAAAAAAAAAAAAAAAAAAAAAAAAAAAAAAAAAAAAAAAAAAAAAAAAAAAAAAAAAAAAAAAAAAAAAAAAAAAAAAAAAAAAAAAAAAAAAAAAAAAAAAAAAAAAAAAAAAAAAAAAAAAAAAAAAAAAAAAAAAAAAAAAAAAAAAAAAAAAAAAAAAAAAAAAAAAAAAAAAAAAAAAAAAAAAAAAAAAAAAAAAAAAAAAAAAAAAAAAAAAAAAAAAAAAAAAAAAAAAAAAAAAAAAAAAAAAAAAAAAAAAAAAAAAAAAAAAAAAAAAAAAAAAAAAAAAAAAAAAAAAAAAAAAAAAAAAAAAAAAAAAAAAAAAAAAAAAAAAAAAAAAAAAAAAAAAAAAAAAAAAAAAAAAAAAAAAAAAAAAAAAAAAAAAAAAAAAAAAAAAAAAAAAAAAAAAAAAAAAAAAAAAAAAAAAAAAAAAAAAAAAAAAAAAAAAAAAAAAAAAAAAAAAAAAAAAAAAAAAAAAAAAAAAAAAAAAAAAAAAAAAAAAAAAAAAAAAAAAAAAAAAAAAAAAAAAAAAAAAAAAAAAAAAAAAAAAAAAAAAAAAAAAAAAAAAAAAAAAAAAAAAAAAAAAAAAAAAAAAAAAAAAAAAAAAAAAAAAAAAAAAAAAAAAAAAAAAAAAAAAAAAAAAAAAAAAAAAAAAAAAAAAAAAAAAAAAAAAAAAAAAAAAAAAAAAAAAAAAAAAAAAAAAAAAAAAAAAAAAAAAAAAAAAAAAAAAAAAAAAAAAAAAAAAAAAAAAAAAAAAAAAAAAAAAAAAAAAAAAAAAAAAAAAAAAAAAAAAAAAAAAAAAAAAAAAAAAAAAAAAAAAAAAAAAAAAAAAAAAAAAAAAAAAAAAAAAAAAAAAAAAAAAAAAAAAAAAAAAAAAAAAAAAAAAAAAAAAAAAAAAAAAAAAAAAAAAAAAAAAAAAAAAAAAAAAAAAAAAAAAAAAAAAAAAAAAAAAAAAAAAAAAAAAAAAAAAAAAAAAAAAAAAAAAAAAAAAAAAAAAAAAAAAAAAAAAAAAAAAAAAAAAAAAAAAAAAAAAAAAAAAAAAAAAAAAAAAAAAAAAAAAAAAAAAAAAAAAAAAAAAAAAAAAAAAAAAAAAAAAAAAAAAAAAAAAAAAAAAAAAAAAAAAAAAAAAAAAAAAAAAAAAAAAAAAAAAAAAAAAAAAAAAAAAAAAAAAAAAAAAAAAAAAAAAAAAAAAAAAAAAAAAAAAAAAAAAAAAAAAAAAAAAAAAAAAAAAAAAAAAAAAAAAAAAAAAAAAAAAAAAAAAAAAAAAAAAAAAAAAAAAAAAAAAAAAAAAAAAAAAAAAAAAAAAAAAAAAAAAAAAAAAAACRwAD0JAAB6EgAAPQkAyMDE0OjA3OjI4IDE3OjE1OjMwADIwMTQ6MDc6MjggMTc6MTU6MzAAAI7vYAA+WAAAhWsoAA9CQAAehIAAD0JAAFK64AAPQkAAAAAAAAAABgAehIAAD0JAAAABawAAAGQDAAYAAQAAABEAAABBV0IBQDENQAAAgD\/lGtk\/PTENQAAAgD\/nGtk\/jBMQuJUAAADXBgAA2AAAAAAAAAAAAAAAvwMAABgDAAAFAAAAAAAAAAAAAAAAAAAAQUVDAAAAAAAAAAAAAAAAAAAAAAAAAAAAAQAAAKr9YdkCAAAAAAAAAAkAAAAwAAAApgIAAM8BAAAQAQAAEAEAACkAAAAyAAAAlwAAAKwAAAAAAIE\/KQAAADIAAACXAAAArAAAAAAAgT8pAAAAMgAAAJcAAACsAAAAAACBPykAAAAyAAAAmQAAALgAAAAAAIA\/KQAAADIAAACZAAAAuAAAAAAAgD8pAAAAMgAAAJkAAAC4AAAAAACAPykAAAAyAAAAmQAAALgAAAAAAIA\/KAAAACsAAACVAAAAogAAAACAgT8GAAYAAQAAAB4AAAAcAAAAGgAAABgAAAAWAAAAFAAAABIAAAAQAAAADgAAAAwAAAAKAAAACAAAAA0AAAAAAAAAAAAAAAAAAAAAAAAAAAAAAAAAAAAAAAAAdWwcAKV4HAD1QRwAag4cAKTPHQBPUh4AJwkgAG6RIQAl6iMArdcjAP8JIQD21R0AOUMkAAAAAAAAAAAAAAAAAAAAAAAAAAAAAAAAAAAAAABlAgAAeAEAAJUAAADKAAAAAAAAAAEAAACABwAAQAQAAAEAAAACAAAAAQAAAAEAAAAAAIA\/AAAAAAAPQkAAAAAJAAEAAgAAAAJOAAAAAAIABQAAAAMAABVkAAMAAgAAAAJFAAAAAAQABQAAAAMAABV8AAUAAQAAAAEAAAAAAAYABQAAAAEAABWUAAcABQAAAAMAABWcABsAAgAAAAYAABW0AB0AAgAAAAsAABW6AAAAAAAAADQAAAABAAAAGgAAAAEAA23DAAAnEAAAABAAAAABAAAANAAAAAEABnr2AAAnEAAAAAAAAAPoAAAADwAAAAEAAAAPAAAAAQAAABoAAAABQVNDSUkAMjAxNDowNzoyOAAA\/+EJoGh0dHA6Ly9ucy5hZG9iZS5jb20veGFwLzEuMC8APD94cGFja2V0IGJlZ2luPSfvu78nIGlkPSdXNU0wTXBDZWhpSHpyZVN6TlRjemtjOWQnPz4NCjx4OnhtcG1ldGEgeG1sbnM6eD0iYWRvYmU6bnM6bWV0YS8iPjxyZGY6UkRGIHhtbG5zOnJkZj0iaHR0cDovL3d3dy53My5vcmcvMTk5OS8wMi8yMi1yZGYtc3ludGF4LW5zIyI+PHJkZjpEZXNjcmlwdGlvbiByZGY6YWJvdXQ9InV1aWQ6ZmFmNWJkZDUtYmEzZC0xMWRhLWFkMzEtZDMzZDc1MTgyZjFiIiB4bWxuczp4bXA9Imh0dHA6Ly9ucy5hZG9iZS5jb20veGFwLzEuMC8iPjx4bXA6Q3JlYXRlRGF0ZT4yMDE0LTA3LTI4VDE3OjE1OjMwLjQ0MDwveG1wOkNyZWF0ZURhdGU+PC9yZGY6RGVzY3JpcHRpb24+PC9yZGY6UkRGPjwveDp4bXBtZXRhPg0KICAgICAgICAgICAgICAgICAgICAgICAgICAgICAgICAgICAgICAgICAgICAgICAgICAgICAgICAgICAgICAgICAgICAgICAgICAgICAgICAgICAgICAgICAgICAgICAgICAgIAogICAgICAgICAgICAgICAgICAgICAgICAgICAgICAgICAgICAgICAgICAgICAgICAgICAgICAgICAgICAgICAgICAgICAgICAgICAgICAgICAgICAgICAgICAgICAgICAgICAgCiAgICAgICAgICAgICAgICAgICAgICAgICAgICAgICAgICAgICAgICAgICAgICAgICAgICAgICAgICAgICAgICAgICAgICAgICAgICAgICAgICAgICAgICAgICAgICAgICAgICAKICAgICAgICAgICAgICAgICAgICAgICAgICAgICAgICAgICAgICAgICAgICAgICAgICAgICAgICAgICAgICAgICAgICAgICAgICAgICAgICAgICAgICAgICAgICAgICAgICAgIAogICAgICAgICAgICAgICAgICAgICAgICAgICAgICAgICAgICAgICAgICAgICAgICAgICAgICAgICAgICAgICAgICAgICAgICAgICAgICAgICAgICAgICAgICAgICAgICAgICAgCiAgICAgICAgICAgICAgICAgICAgICAgICAgICAgICAgICAgICAgICAgICAgICAgICAgICAgICAgICAgICAgICAgICAgICAgICAgICAgICAgICAgICAgICAgICAgICAgICAgICAKICAgICAgICAgICAgICAgICAgICAgICAgICAgICAgICAgICAgICAgICAgICAgICAgICAgICAgICAgICAgICAgICAgICAgICAgICAgICAgICAgICAgICAgICAgICAgICAgICAgIAogICAgICAgICAgICAgICAgICAgICAgICAgICAgICAgICAgICAgICAgICAgICAgICAgICAgICAgICAgICAgICAgICAgICAgICAgICAgICAgICAgICAgICAgICAgICAgICAgICAgCiAgICAgICAgICAgICAgICAgICAgICAgICAgICAgICAgICAgICAgICAgICAgICAgICAgICAgICAgICAgICAgICAgICAgICAgICAgICAgICAgICAgICAgICAgICAgICAgICAgICAKICAgICAgICAgICAgICAgICAgICAgICAgICAgICAgICAgICAgICAgICAgICAgICAgICAgICAgICAgICAgICAgICAgICAgICAgICAgICAgICAgICAgICAgICAgICAgICAgICAgIAogICAgICAgICAgICAgICAgICAgICAgICAgICAgICAgICAgICAgICAgICAgICAgICAgICAgICAgICAgICAgICAgICAgICAgICAgICAgICAgICAgICAgICAgICAgICAgICAgICAgCiAgICAgICAgICAgICAgICAgICAgICAgICAgICAgICAgICAgICAgICAgICAgICAgICAgICAgICAgICAgICAgICAgICAgICAgICAgICAgICAgICAgICAgICAgICAgICAgICAgICAKICAgICAgICAgICAgICAgICAgICAgICAgICAgICAgICAgICAgICAgICAgICAgICAgICAgICAgICAgICAgICAgICAgICAgICAgICAgICAgICAgICAgICAgICAgICAgICAgICAgIAogICAgICAgICAgICAgICAgICAgICAgICAgICAgICAgICAgICAgICAgICAgICAgICAgICAgICAgICAgICAgICAgICAgICAgICAgICAgICAgICAgICAgICAgICAgICAgICAgICAgCiAgICAgICAgICAgICAgICAgICAgICAgICAgICAgICAgICAgICAgICAgICAgICAgICAgICAgICAgICAgICAgICAgICAgICAgICAgICAgICAgICAgICAgICAgICAgICAgICAgICAKICAgICAgICAgICAgICAgICAgICAgICAgICAgICAgICAgICAgICAgICAgICAgICAgICAgICAgICAgICAgICAgICAgICAgICAgICAgICAgICAgICAgICAgICAgICAgICAgICAgIAogICAgICAgICAgICAgICAgICAgICAgICAgICAgICAgICAgICAgICAgICAgICAgICAgICAgICAgICAgICAgICAgICAgICAgICAgICAgICAgICAgICAgICAgICAgICAgICAgICAgCiAgICAgICAgICAgICAgICAgICAgICAgICAgICAgICAgICAgICAgICAgICAgICAgICAgICAgICAgICAgICAgICAgICAgICAgICAgICAgICAgICAgICAgICAgICAgICAgICAgICAKICAgICAgICAgICAgICAgICAgICAgICAgICAgICAgICAgICAgICAgICAgICAgICAgICAgICAgICAgICAgICAgICAgICAgICAgICAgICAgICAgICAgICAgICAgICAgICAgICAgIAogICAgICAgICAgICAgICAgICAgICAgICAgICAgICAgICAgICAgICAgICAgICAgICAgICAgICAgICAgICAgICAgICAgICAgICAgICAgICAgICAgICAgICAgICAgICAgICAgICAgCiAgICAgICAgICAgICAgICAgICAgICAgICAgICA8P3hwYWNrZXQgZW5kPSd3Jz8+\/9sAQwAGBAQFBAQGBQUFBgYGBwkOCQkICAkSDQ0KDhUSFhYVEhQUFxohHBcYHxkUFB0nHR8iIyUlJRYcKSwoJCshJCUk\/9sAQwEGBgYJCAkRCQkRJBgUGCQkJCQkJCQkJCQkJCQkJCQkJCQkJCQkJCQkJCQkJCQkJCQkJCQkJCQkJCQkJCQkJCQk\/8AAEQgAlgCWAwEiAAIRAQMRAf\/EABwAAAEFAQEBAAAAAAAAAAAAAAUAAwQGBwIBCP\/EADoQAAIBAwMCBAQDBwQCAwEAAAECAwAEEQUSIQYxE0FRYSIycYEHFJEVI0JSocHRM2Kx8EOCRFPhcv\/EABoBAAIDAQEAAAAAAAAAAAAAAAIEAQMFAAb\/xAAmEQACAgIBAwQDAQEAAAAAAAAAAQIRAyESBDFBEyIyUQUjYUKR\/9oADAMBAAIRAxEAPwCqGFv\/AK2\/pXngnOCpFFjbH0rhrbkcUsLgzwue1dGGp5tjntTosww+bB88jiuJBEkPwnivI7YyFAqlmPYAd6MmzijQl2Zzjsq\/3NT9P2W6xmNDGX4P8xH1\/wAYriUrCfQ34btrMwnv0It1GWAPI+v\/AH9K1K0GmWijTbGBEgtsEHHBz3NR9FLJ0vBbWkQBeMO21cYz2FFeluj5ntDNeSFd5OB5kUcRmMElYK1IyueJWICnGOwz\/j+1UTVdUmgLIkzYByW8lwf\/ANNbVqHTFmlp4YJwBz71Q9S6MjuZGVUGwHuTRXQfG+xSYOo7sW6wxK5DtkEnnAP9\/wC1T36ulmg\/ITWyz2zKRL4ina\/HIwfL\/FG5ej4oYmbcplP8RGcfas86p0i+spGkMniqOecVymrBlBpAPqjTYSsTxeIYiCInJOYiD8jeqnyz2zis\/wBTik8chtuQOw71a21W5kEltK5dJAU2M3b6UN1C2WCdlkK74iVbBzn3\/Spf2KTANsPCiaTdy3A+lNSkvlu4FPM0YhcKTgcqPvUUKzAsDigWylLdjYPn6UQ0nbPOxdgGC5GfOhu0muoW2PuziiatBSjaoI6lOpYRR4ODkn3pUNeX4zjtSqFGkdGFKjejZe1NPYjcrbec4o\/+TX0rk2a98VFFlAE2Xxdq9e2VFLNwBRea1JI29qS6d69\/XzqKOK7PkJmKPcPPPHHqKbjtb+6eMxMR5Aduc1ZnsFVGwvcGlb24jVTxxzXUSlsvHR5MOuDS5Vw20EnOcjbn+9aXeajbabBguowOBWUfhvqP5vXbl7kEzQqVjLHOV8qsGq21\/qs+xBhcnnyqrm02kaMcakk32JV\/1aJGI3YBoNca6SCUamrrSoLQESzAsO3Peh4jQMcuAo75NTyYdUcXuuTEkjmq9f3QvcpIODVhla2lGyNdxPG41FubDT4l\/wBZFcjsTVbTbOZjPVejrZXbTxcA88iq1d3E0jCYsGyoBwPKtI67054LZzlXQDcGXsaomjWq3sTmYgBD9N3\/AHFMQk2tmdmjUtAO6h8J8dgeR7Uwyvt4GFxzU\/UYjHqTgtuVWyPpUe4uA5K44P8ASusWvZCweVHNehMc5p5YPg3seP8AiuEQuyjIwT+lFZNjTJg0qlSpGnc7j6ClU8ieR9O\/shO2+T9a8OkIP4n\/AFop44H\/AMeT9V\/zXhnB\/wDA\/wCq\/wCaKgwWulxowOWz7muljjZigYbgcYrnX7a7vbBxYF4bkcod6gHnsTmg1xcajHrEOnmKTw3gLeLlS2\/Hke3BoXokNtbBgR9qhy6RHnI3D71WItR1fRpV0pzM35kOFlOCwdsnIP1obLcdQFV0iWSZjO27cTlvX5vSgc\/4Dyo0Po9TZ9a2kbfAtzGU78Erz\/xWm631XY6fpMtzFFuhUlFIGAxFZv0ToNvb3OkyzXV0+opcJiJ2DRrH8rYPqd2ftQr8TtN1jVtS\/Ztmtyuj2aiMGLIWRzyx9+TVd29GlBPguS\/oI1n8Q5NS1CRgoVAflHGPsKmWdzcahpUt7FKWEeSR\/ag2ndCwWsStKjuVOQgHxE+9aL0X0qkHT1+JlCrKSAvfHFc4lkXJmRah1LqsjCOF2TnAAqFba9qSs63tq8qDgybzn7eVX1emn8RkiSOQBjlSOT96mQdH2xdZJrUqQez8io1QDjJvuVWC0m1nSLiDcW3RkoWPNVXRXtdP0G6WfT47i5bcVlfOYgB5c98itY1GC0sLdlt1jR+3wDFZldWUqWd3tcBXX4T9TzQ8tUgJwSfKX0UthLezlm5Y9\/YV6bONASVz9amp4NjcYL7uCSfTihE+oOxZewZueOQKlOUnoxtyJEtuI1LyYCHB9qbit4bhd0efemL+7a9dcArEoCqvsOP1rq3uTbLhAfiUj6e9Gk6C4uj2SJoy21AwJpVzCCQQXOM0qk66PsH8un8i\/pS8Bf5R+ld4uM8mOuSJ\/JkH2pkZODAv8o\/SuTbpkHaMjscU5ifzZfsKdC5ArjiG9tG+N0attORkdjTZtImkWQxqXXIVscipxSoiiVsnfgZx2rjju0b8new3IXcY3X6gbhnH6f0q8ahPZvA8ckW92G0cVQjHN38U8ewp7qPqf8lYJLJwWXaSPWl8qcXyQ\/0zU6jLwFLu30qxt5JZXiiQKSz+ntRLTDaTdNRzxxFI7j4k3\/CWUjhse9YP1D1Lca7IlksjCEnc4B7ipGu\/iZr7eDC8ccUMMYjQRcDAGO1Ap2MuKT7lo1++PT989zbQJPBFzKqt8Sj1HrUmDq\/TtSsxJHjBHn5Vk0Ooalrd+ZpZnWI\/MvrTt\/4lpKXtXxn51HY+9VuT8EckWTqHUopZlSJvmaqvcNDPYXKliBESu727mmIpLiS4EkxOFNC7eea4kurWFSS0jYwewzXYlbFOolZW76WNpXeEFhnALedDPDLPzySaNX9lLDJKhGWTJOKCglX586tiZcTpoWByO1dxxMxGc4oq9kIxGrtyw86jXpazdVVeT2GO9Dzt0DyvSIBikWVog5UfNSorHZxaiglkjdHxgjGOKVFzXkn1EfXe2T+Rf1\/\/ACuHWQAnamPrUsio9xPDAAssioXyF3HGTimxk4ZeK9VfhFQF16zuNyWzNNLhtqKpG7b35PFQbfWdQ1BZbJLX8ndiItvfkD0xQuSODbYHc4qHHdWymRDcRBlfBBYcE9hVesLjW4dQg025VpY3JMkh5IHrk0xH0a8uqMbgl7USFhhjkn61V6knXFEWGTr1i+oNYpdJ4gyCSPhBHlnPehuo6hY9SQ3WjxSB541LxPjAZh3A9ewqDr\/R81veW91pniEeIuVB5U5GDU+foxP2tFfW8zQ7X3sF9arl6srVBYpyjJMz+70yXTHMkIDswBXPGaC3uo6tc5imsgg9QM1oHXunSaZq8luP9ItviPoDzj\/mq+NOnvIwAPvVUZfZsOKZVA+oqTHHIyL\/ADAYH+am6fZPAm+e4kmkY8ljx9hRk9ONEC8jE+wqFqLR2SHLD4R2\/wCKGUgJRSIOq6glravNwDnj3NMaK8Wk6et7dbUa5J+Y8gVAuo\/2lc2SSHZAsm98+gH981zrVyl7K7mMYz8Cr\/CKtxNRjZmdTk3RAk1cTXEgKBjK+3xOxC574\/72qHq0MX58eCoIx8RzxXpiAG\/5aWn2Mt1di4cFIUP8XmKlT0JKQzfyzX5jVeFiUZPvUzTJWuYo2KO0sQKbjwMZ459a4ms5AJnBI8YY2+npXmjveYNrGsaqhy8jHOBQt2ge8dBZphbxKW3GaQ7iiHJVfc\/WlUvTYYF3CRmnk89o+H9aVU1ZXZ9KyG4nV1FysAONrIuWH600mn2KAblMzK29Wly5VvUZ7VOMy\/zCuTMn8wrVofsjixgEiSrEquoOCB696djhQP4m0byMZ9q98ZP5hTkeCtdRw2yLndgZ9aZi7v8A\/wBVJIFQWn8MybVZ2ycBfM+Q+prqOR2z4Yjax+gr22Q3t6llGP30nIXIyB5n6UT0bpvVHtXutcS3s8KWEEMm9lAH8TYA\/TNM\/h3LaR6BNqp2NfX80hll7naHKooPoABVc5qKL8eFyKn+J1nDqAI3lZI\/kbPb2+lZlJrl7pUf5e4iIcDhwPmHrWkdaqXu3YHlsnHrVO1RV1CwiTb+8hBUn2pCzTf8Ktd9WzSrtUNmhMklxfuGkJI70VudOAJwnNRnXwAR6Cgkyibb7jul2Ud1NIkj4VVwQDjj1oBqKGymniJGCSEPkfvUya+SGKSDaFeZcO5P8Oe1CNZEvhRfvC0ZUYye1XRSaSMnM7kwcLhhbKjYLhzuU+nGP70QjvZxbPc3LYjPyKOM4oSiNvBHbzqS8rzKIwPhVcAelE4plLSY\/NdyPbIyoWklGVCjOB603Z21zPcx2gBiSRhuBOM+pP2ryC0vZJkdRIgACg9uKsAtWKKJmVmxjdUVWkC9aQO1jVm\/MflrFmhtouA0Y5c+tKnptKkk\/wBIKADyfKlUWkQnR9Tw6paTTLH4bxhh8DuoCsfMA+oqSs1sylkliKhtuQRjPpWVtq+o6NdRQMSgRtwDLnk8Hv7Ve+mfw7bWLg31zeTpYsA4VcBmbvjtgAVbDqZS0o78jcfd2DjiOJSzkKo5JPAFD\/2pDKXNrtlRc7ivqO\/fHHvV9ttFsbSIJ4Qk2\/xS\/Eapv4iatBoEEN5Axt4Q4SYRL8+ewwPvTLnQxDFZHbUIjbT5Qgxr8TZztPfGPXHl71RLzqTU21Vp0guSqybfBjJ2KPX647VBj1d7uaeYq0d1cKWR1G1Zv9hx\/FnHP61Dk1SKa3\/MrHsuAApRicEA87snv5D71dgnFS9\/ZlPXYcjxXgfuW6+zfOmeo4te0VmZwZ4l2Sg9zxwce\/8AY1lHQPVhkutR0afbEyTs8GD8y557sx785z5n0oD0h1pPouuODKJIZzscRrgYPbJ7ZFD9cnk0DqeORQWiE5ulbc7BkJ4IYjBznsCcYpXqocZNDf4\/IsmNTvfkuvU8glunwcg9qp87lDIV8hjFXKazbW9Pt9RtP3sM\/IYA\/wDR2qpa\/ZTadfGIocMgYcUjJUzQQBlctuJjahc8LOVU93JYj0Ao\/Fa3F2yxohAJ5NdrozyT3bKpKxjYD9O9R3KZxKdq1vHDLasW2eLGynzzyP8AJoTe6JLF+9EnjQn\/AMijt9R5UWnv5JtRVntke2QEJuHDff8A75V1p16PzUgjBRAThT8XGafx4bi\/tGV1Nc0vsrd0whQuVBA4HvXNveRxwu+xDJjIVhxV0uem16oSKKFYba6hXfLIRtRl9SPXNV3Vuhdd0wXM0tlK1vbECWdELLGT2DcfD96reOlspeJojRWl5qESXs1xkSEgKP4QPOp0N6YryG2t1EshOPjHB9c1Gs4ribTEH5jwYkJKgD5+ec+1RkvnsHuL1lG4x+FHxxuJ7\/oKo7uiqrZY7zUtMtpMSymInuqHjNKqPa3UjXTyurzMynOO\/cUqP06J9NH2DedNWGs31u8pVmR+ACOTWk2ywWNtHAhCoi4FVLTkjjuBKQP3YJzXmpa1gkB8ferss+MqRqYMPKPJlnutTtwCu8e9Uz8RPylx0reu6LKECuVIzwGBJHvjNBbvXSrH95zQrWNelbTpwjkFYmIP271X6m7GOCSpFVvI9TFzaT6bPJFYzxrHa+DLhQxwWBI4DZP6d671XUIrqCW4lgecRSLaiVOJSwAIkJHfI8jnJ9Kg9DXMg1DbdtO+n3wZ4iuQiSYIbvjDAFh\/7A1Di8G5v7liZ47OVg2AvxHbjg+\/cffPtTqVinLj3INzp01ic30bSG5yYC74GB3OO4IJxziimlXg6g0+bQ7prZ7iFgbJ5Rv8NyCSPTHHb3oTqMsmtPJDJKztco8mcY8B19\/Taqg+30qs6Tdy6ZOs8eUYMoJ5GGByCP0\/5q+dZcfGtoz4KXT9Q537ZeC6dOdS3\/ROoLp10twtu3wSpkbcjGZAM5x5++auF7eJrzw3VqfHjIBVh5jzobfdPWfXeix6vbYivdm1nX5lYDlT7c1SoLvXei7oIEaEAlgHYtGRzwcn68VlZMd68m9DJW\/BsY023trITrEqFRk+58qq3UGsW\/T2nOp2K8o2qCeST5mgd5+KV\/cxrCEt1iC5LxjLE5GMA9\/pzQaKLWOq7uRJElEb8maVMFV8gvkf04rowrbJnP6K4bx3\/ctL4saHETBOB98\/aifTXT9xrGoSRRzw2yLH4jyytjAJHA9T\/YU91bYQ6ZZxW6yZxhY9qn4jzvJbGM9uxqNosRvQDdb4rckA7By57DH9efLNaOKuDb8mJ1DlLNGMfBoGm6Np+jWct02pQm3tnOblxuM8oBICrnnGOB2yefSrR0drV5rNtLZTW+2EDLrKQ0kueS0gz3OTwQPvWWanrj6nqOm2Fm0UVpEwhtkVfhA3Y3n\/AHMec1pvRyRdMxm2kZZJ3HiTzBwwdzz3+n9CPPNV5dxdDGJ+5WVD8Ufw1ttPthqejq1vBGS01uOVXPmo9M+VY9rrt4ixhdqAA19O65r1vdW0sUoVkYEEHzFfOXVVs9ijpzIpchZP9ucj+lZ8fmR1GNRakvIG07U5tKkaS3JWRhtLYzxSp\/SBaFWluyw42jHnSq11e0LOW+x9mXUotbOVxxniqHqury7jgk1cNcl2WZUng1nmpMN5qrqH+xm306\/WhqO8e4Y7jXWoFm0e+fHywP8A8GmrZFC5FP6vcJY9NXMhBJkUKADgnJA\/vVcHckHJaZXYgWgutLiATwrWPwAZCq7sEscf7s+3cV6l0ot4793BjvW8OWIk5imRfiPkOcgj6keVeRBRHM8zESSW8w4zjG0BP65qRA8V7pc8l2Hkg2i7ljVgCZ0IVsHy3K2TWspb0Zri3HY1NaQqkpiQNFNHkSKdvB78\/rxQ3qfpZbJbTU1hY2tyojYLkosg4J9Tu8vcGrTYWf7Z0+6UzxQvHbh4Y9uAQzbUA57ZwPP5gfWpS6JHqlhbrJcT29tLapJcF2AMLYdVbOOAJQRj\/cKajkijPzYJzi1\/wrP4f9Qr09qr2dzIEt7jCOr8bD5Pz\/X6+1ahqegWGpxCO7hSVchgCM8188XiS2V7NbXIZbqBzHIG4wQcGtY6C6nl1XSvCnkZpLUKm7Hdccc+vB\/Skesx75R7D343M3H05vaLCel9KiUbbSEFTuB2jg+tcave6foWnSXU+EVR2QfET6AeZry41PGfi4Hesr696jn1C+\/KwzMI4l7K3DZAPOKWxQcnQ9nyrHFyBOpLLqUoSN2k8ab9xngZbGSecZz3Pt6VpfU+g2UfT9ho2lfFd2yCPxAFG7I2sWPucY5rO+izNHfw3Lwy3MVrueOJVzvcqf6ZxWuWelQQaellcSyreXNu26cZfDEYUk\/0+1a0kq4o89i5OTnJ92ULpjpt4dWeaaMObcbGJB+Yk5Kj6AAem4HyozLqcscAdZMh7hywIHzbVGB6gYx9h61ap9IWTpxo7dorfWyscDMWwRM38HHntz5dgtUjWbaHTIXtSCZbeVYI33cOqr8bAe7H+gpXPGsbRo4pXJEPWdWk8Ejdyazu4vRPcFbtZWXcTGD8pqy6lPuBJbgChF1Ct+lus08MYHZlHv61lppPZPVS7IC+CLr\/AEYMAE8qTg0qKzPHbwRJBhI\/elVnNiXI+nup2KWsYyTle5rPL6QsxpUqDN82eixfBHKOViB9KDdRalJNptvFnAeRV+yruP6nH6UqVDi+aJn8WWKxMOraNMY7aKOWLTRJ4pB3ECQll4452nB7+X0bSxgbQYEiBVozK0ue0glhfj3x4Y7+tKlWrHuIP4i6TvbS\/wBWj028solW7slgaa3GxhuRTnaPh4bBHAPHei+uB4en7OwkKSy39vcbpgoUkKgkUnvgk4Ld+fOlSo49iufdGb9ZabFcXOl35yHurSN5WySzv2LE+pNRbe9uNFdWtZGjhjk3GIMSrdlJPqfelSpmMU8LsyM03DrIqLLT1DrLW+hi4iUh5gFB9MiqZq1mLfTYpcJ4kqKysByOBmlSqjoYr3Mu\/NZJJ44p6bLRPZr0pawtbfN+RjjVweTI6h2Y+3LYwc9q0jpK1uLu7meefxRAzRqWOCwVuAeO21lH\/rSpVb\/oKHxG9fvTpGqeLBEqLFbG5G0n4mkYKSy9mPyeY4BrMesZpLbVEs3VSwi3Fyd7c8kbiM4ySfvSpUt1PwY1j7oq1\/KfCOfOgjWwuJ4AzHbvXI9s0qVZcQOpfvROubONp8PlgBgL2C0qVKhtijbP\/9k=\" alt=\"imag1015\" width=\"150\" height=\"150\" \/><\/span><\/p>\n<p style=\"margin: 0in; font-family: Calibri; font-size: 14.0pt;\"><span style=\"font-family: helvetica, arial, sans-serif;\">Studia medyczne uko\u0144czy\u0142am na Akademii Medycznej w Warszawie,\u00a0 o czym pracowa\u0142am jako lekarz og\u00f3lny w poradni. Do\u015bwiadczenie w dziedzinie psychiatrii oraz psychosomatyki zdobywa\u0142am na sta\u017cach w Instytucie Psychoneurologii w Warszawie, a tak\u017ce w chrze\u015bcija\u0144skich klinikach\u00a0 psychiatrii i psychosomatyki: de\u2019Ignis w Niemczech oraz SGM w Langenthal w Szwajcarii. Obecnie pracuj\u0119 w Klinice Psychiatrii w Poznaniu i robi\u0119 specjalizacj\u0119 z psychiatrii doros\u0142ych.<\/span><\/p>\n<p style=\"margin: 0in; font-family: Calibri; font-size: 14.0pt;\"><span style=\"font-family: helvetica, arial, sans-serif;\">Przez ponad 10 lat pracowa\u0142am z dzie\u0107mi ze \u015brodowisk patologicznych organizuj\u0105c dla nich obozy i prowadz\u0105c rozmaite zaj\u0119cia. Pracowa\u0142am tak\u017ce jako nauczyciel w szkole z m\u0142odzie\u017c\u0105 w wieku nastoletnim. Jednocze\u015bnie wychowywa\u0142am w domu tr\u00f3jk\u0119 dzieci, obecnie ju\u017c doros\u0142ych.<\/span><\/p>\n<p style=\"margin: 0in; font-family: Calibri; font-size: 14.0pt;\"><span style=\"font-family: helvetica, arial, sans-serif;\">We wsp\u00f3\u0142pracy z chrze\u015bcija\u0144sk\u0105 niemieck\u0105 organizacj\u0105 W\u00fcstenstrom bra\u0142am udzia\u0142 w za\u0142o\u017ceniu i prowadzeniu grupy pomocowej o nazwie Prze\u0142om \u017bycia (z niemieckiego Aufbruch Leben). Jest to program, kt\u00f3ry ma na celu pom\u00f3c uczestnikom grupy rozwi\u0105zywa\u0107 trudno\u015bci w wa\u017cnych dla siebie relacjach oraz w budowaniu nowych, zdrowych relacji. Staram si\u0119 wci\u0105\u017c poszerza\u0107 swoj\u0105 wiedz\u0119, bior\u0105c udzia\u0142 w rozmaitych kursach i warsztatach.<\/span><\/p>\n<p style=\"margin: 0in; font-family: Calibri; font-size: 14.0pt;\"><span style=\"font-family: helvetica, arial, sans-serif;\">W poradnictwie koncentruj\u0119 si\u0119 na nast\u0119puj\u0105cych dziedzinach:<\/span><\/p>\n<ul style=\"direction: ltr; unicode-bidi: embed; margin-top: 0in; margin-bottom: 0in;\" type=\"disc\">\n<li style=\"margin-top: 0; margin-bottom: 0; vertical-align: middle;\"><span style=\"font-family: helvetica, arial, sans-serif; font-size: 14pt;\">Sytuacje kryzysowe<\/span><\/li>\n<li style=\"margin-top: 0; margin-bottom: 0; vertical-align: middle;\"><span style=\"font-family: helvetica, arial, sans-serif; font-size: 14pt;\">Depresje<\/span><\/li>\n<li style=\"margin-top: 0; margin-bottom: 0; vertical-align: middle;\"><span style=\"font-family: helvetica, arial, sans-serif; font-size: 14pt;\">Zaburzenia l\u0119kowe, zaburzenia nastroju, zaburzenia od\u017cywiania, snu<\/span><\/li>\n<li style=\"margin-top: 0; margin-bottom: 0; vertical-align: middle;\"><span style=\"font-family: helvetica, arial, sans-serif; font-size: 14pt;\">Zaburzenia zachowania wieku m\u0142odzie\u0144czego: ADHD, tiki, depresja, problemy szkolne<\/span><\/li>\n<li style=\"margin-top: 0; margin-bottom: 0; vertical-align: middle;\"><span style=\"font-family: helvetica, arial, sans-serif; font-size: 14pt;\">Zaburzenia psychosomatyczne takie jak: nawracaj\u0105ce b\u00f3le g\u0142owy, stany wyczerpania (tzw. burnout), fibromialgia, bezsenno\u015b\u0107, nadci\u015bnienie tzw. samoistne, napady paniki, zesp\u00f3\u0142 jelita dra\u017cliwego, itp.<\/span><\/li>\n<\/ul>\n<p><span style=\"font-family: helvetica, arial, sans-serif;\"><strong>Ma\u0142gorzata Stanis\u0142awiak <\/strong>(psycholog i psychoterapeuta, terapia indywidualna, rodzinna i par, stacjonarnie i online), tel. 693-851-809<br \/>\nPoradnia ul. Sielska 8\/10.<\/span><\/p>\n<p style=\"margin: 0in; font-family: Calibri; font-size: 14.0pt;\">\n<\/div>\n<\/div>\n<\/div>\n","protected":false},"excerpt":{"rendered":"<p>+ Pomoc Psychologiczna w Poznaniu Krystyna Zaremba tel. 791-990-676 Studia medyczne uko\u0144czy\u0142am na Akademii Medycznej w Warszawie,\u00a0 o czym pracowa\u0142am jako lekarz og\u00f3lny w poradni. Do\u015bwiadczenie w dziedzinie psychiatrii oraz psychosomatyki zdobywa\u0142am na sta\u017cach w Instytucie Psychoneurologii w Warszawie, a tak\u017ce w chrze\u015bcija\u0144skich klinikach\u00a0 psychiatrii i psychosomatyki: de\u2019Ignis w Niemczech oraz SGM w Langenthal w &#8230; <a title=\"Pozna\u0144\" class=\"read-more\" href=\"http:\/\/poradnictwo.deignis.pl\/index.php\/lista-punktow\/poznan\/\" aria-label=\"Dowiedz si\u0119 wi\u0119cej o Pozna\u0144\">czytaj dalej<\/a><\/p>\n","protected":false},"author":1,"featured_media":0,"parent":10,"menu_order":0,"comment_status":"closed","ping_status":"closed","template":"","meta":{"generate_page_header":"","footnotes":""},"class_list":["post-48","page","type-page","status-publish"],"_links":{"self":[{"href":"http:\/\/poradnictwo.deignis.pl\/index.php\/wp-json\/wp\/v2\/pages\/48","targetHints":{"allow":["GET"]}}],"collection":[{"href":"http:\/\/poradnictwo.deignis.pl\/index.php\/wp-json\/wp\/v2\/pages"}],"about":[{"href":"http:\/\/poradnictwo.deignis.pl\/index.php\/wp-json\/wp\/v2\/types\/page"}],"author":[{"embeddable":true,"href":"http:\/\/poradnictwo.deignis.pl\/index.php\/wp-json\/wp\/v2\/users\/1"}],"replies":[{"embeddable":true,"href":"http:\/\/poradnictwo.deignis.pl\/index.php\/wp-json\/wp\/v2\/comments?post=48"}],"version-history":[{"count":25,"href":"http:\/\/poradnictwo.deignis.pl\/index.php\/wp-json\/wp\/v2\/pages\/48\/revisions"}],"predecessor-version":[{"id":607,"href":"http:\/\/poradnictwo.deignis.pl\/index.php\/wp-json\/wp\/v2\/pages\/48\/revisions\/607"}],"up":[{"embeddable":true,"href":"http:\/\/poradnictwo.deignis.pl\/index.php\/wp-json\/wp\/v2\/pages\/10"}],"wp:attachment":[{"href":"http:\/\/poradnictwo.deignis.pl\/index.php\/wp-json\/wp\/v2\/media?parent=48"}],"curies":[{"name":"wp","href":"https:\/\/api.w.org\/{rel}","templated":true}]}}