{"id":503,"date":"2021-10-15T21:19:22","date_gmt":"2021-10-15T19:19:22","guid":{"rendered":"http:\/\/poradnictwo.deignis.pl\/?page_id=503"},"modified":"2024-03-18T22:40:53","modified_gmt":"2024-03-18T21:40:53","slug":"gdansk","status":"publish","type":"page","link":"http:\/\/poradnictwo.deignis.pl\/index.php\/lista-punktow\/gdansk\/","title":{"rendered":"Gda\u0144sk"},"content":{"rendered":"<h3><strong>+ Chrze\u015bcija\u0144ski Punkt Poradnictwa Ichthys<br \/>\n<\/strong><\/h3>\n<p>ul. Jagiello\u0144ska 5 (Chrze\u015bcija\u0144ska Szko\u0142a Montessori)<br \/>\n80-371 Gda\u0144sk<br \/>\n<strong>Ma\u0142gorzata \u0141\u0119cka <\/strong>(konsultant kryzysowy, coach, mentor chrze\u015bcija\u0144ski, psychotraumatolog)<br \/>\ntel. 730-005-334<\/p>\n<p>(Wst\u0119pna konsultacja bezp\u0142atnie)<\/p>\n","protected":false},"excerpt":{"rendered":"<p>+ Chrze\u015bcija\u0144ski Punkt Poradnictwa Ichthys ul. Jagiello\u0144ska 5 (Chrze\u015bcija\u0144ska Szko\u0142a Montessori) 80-371 Gda\u0144sk Ma\u0142gorzata \u0141\u0119cka (konsultant kryzysowy, coach, mentor chrze\u015bcija\u0144ski, psychotraumatolog) tel. 730-005-334 (Wst\u0119pna konsultacja bezp\u0142atnie)<\/p>\n","protected":false},"author":2,"featured_media":0,"parent":10,"menu_order":0,"comment_status":"closed","ping_status":"closed","template":"","meta":{"generate_page_header":"","footnotes":""},"class_list":["post-503","page","type-page","status-publish"],"_links":{"self":[{"href":"http:\/\/poradnictwo.deignis.pl\/index.php\/wp-json\/wp\/v2\/pages\/503","targetHints":{"allow":["GET"]}}],"collection":[{"href":"http:\/\/poradnictwo.deignis.pl\/index.php\/wp-json\/wp\/v2\/pages"}],"about":[{"href":"http:\/\/poradnictwo.deignis.pl\/index.php\/wp-json\/wp\/v2\/types\/page"}],"author":[{"embeddable":true,"href":"http:\/\/poradnictwo.deignis.pl\/index.php\/wp-json\/wp\/v2\/users\/2"}],"replies":[{"embeddable":true,"href":"http:\/\/poradnictwo.deignis.pl\/index.php\/wp-json\/wp\/v2\/comments?post=503"}],"version-history":[{"count":5,"href":"http:\/\/poradnictwo.deignis.pl\/index.php\/wp-json\/wp\/v2\/pages\/503\/revisions"}],"predecessor-version":[{"id":584,"href":"http:\/\/poradnictwo.deignis.pl\/index.php\/wp-json\/wp\/v2\/pages\/503\/revisions\/584"}],"up":[{"embeddable":true,"href":"http:\/\/poradnictwo.deignis.pl\/index.php\/wp-json\/wp\/v2\/pages\/10"}],"wp:attachment":[{"href":"http:\/\/poradnictwo.deignis.pl\/index.php\/wp-json\/wp\/v2\/media?parent=503"}],"curies":[{"name":"wp","href":"https:\/\/api.w.org\/{rel}","templated":true}]}}