{"id":56,"date":"2016-10-18T10:11:23","date_gmt":"2016-10-18T08:11:23","guid":{"rendered":"http:\/\/poradnictwo.deignis.pl\/?page_id=56"},"modified":"2016-11-07T12:25:23","modified_gmt":"2016-11-07T11:25:23","slug":"linki","status":"publish","type":"page","link":"http:\/\/poradnictwo.deignis.pl\/index.php\/linki\/","title":{"rendered":"Linki"},"content":{"rendered":"<p><strong><span style=\"color: #000080;\">Linki do innych stron &#8211; wstawimy, je\u015bli takie b\u0119d\u0105. Dop\u00f3ki ich nie ma, to pewnie wy\u0142\u0105cz\u0119 t\u0105 stron\u0119&#8230;<\/span><\/strong><\/p>\n","protected":false},"excerpt":{"rendered":"<p>Linki do innych stron &#8211; wstawimy, je\u015bli takie b\u0119d\u0105. Dop\u00f3ki ich nie ma, to pewnie wy\u0142\u0105cz\u0119 t\u0105 stron\u0119&#8230;<\/p>\n","protected":false},"author":1,"featured_media":0,"parent":0,"menu_order":0,"comment_status":"closed","ping_status":"closed","template":"","meta":{"generate_page_header":"","footnotes":""},"class_list":["post-56","page","type-page","status-publish"],"_links":{"self":[{"href":"http:\/\/poradnictwo.deignis.pl\/index.php\/wp-json\/wp\/v2\/pages\/56","targetHints":{"allow":["GET"]}}],"collection":[{"href":"http:\/\/poradnictwo.deignis.pl\/index.php\/wp-json\/wp\/v2\/pages"}],"about":[{"href":"http:\/\/poradnictwo.deignis.pl\/index.php\/wp-json\/wp\/v2\/types\/page"}],"author":[{"embeddable":true,"href":"http:\/\/poradnictwo.deignis.pl\/index.php\/wp-json\/wp\/v2\/users\/1"}],"replies":[{"embeddable":true,"href":"http:\/\/poradnictwo.deignis.pl\/index.php\/wp-json\/wp\/v2\/comments?post=56"}],"version-history":[{"count":2,"href":"http:\/\/poradnictwo.deignis.pl\/index.php\/wp-json\/wp\/v2\/pages\/56\/revisions"}],"predecessor-version":[{"id":166,"href":"http:\/\/poradnictwo.deignis.pl\/index.php\/wp-json\/wp\/v2\/pages\/56\/revisions\/166"}],"wp:attachment":[{"href":"http:\/\/poradnictwo.deignis.pl\/index.php\/wp-json\/wp\/v2\/media?parent=56"}],"curies":[{"name":"wp","href":"https:\/\/api.w.org\/{rel}","templated":true}]}}