{"id":78,"date":"2016-10-18T11:33:58","date_gmt":"2016-10-18T09:33:58","guid":{"rendered":"http:\/\/poradnictwo.deignis.pl\/?page_id=78"},"modified":"2017-10-31T21:42:07","modified_gmt":"2017-10-31T20:42:07","slug":"kontakt","status":"publish","type":"page","link":"http:\/\/poradnictwo.deignis.pl\/index.php\/kontakt\/","title":{"rendered":"Kontakt"},"content":{"rendered":"<p>Mo\u017cesz zostawi\u0107 wiadomo\u015b\u0107 &#8211; odezwiemy si\u0119.<\/p>\n<p>[contact-form-7 id=&#8221;80&#8243; title=&#8221;Formularz 1&#8243;]<\/p>\n","protected":false},"excerpt":{"rendered":"<p>Mo\u017cesz zostawi\u0107 wiadomo\u015b\u0107 &#8211; odezwiemy si\u0119. [contact-form-7 id=&#8221;80&#8243; title=&#8221;Formularz 1&#8243;]<\/p>\n","protected":false},"author":1,"featured_media":0,"parent":0,"menu_order":0,"comment_status":"closed","ping_status":"closed","template":"","meta":{"generate_page_header":"","footnotes":""},"class_list":["post-78","page","type-page","status-publish"],"_links":{"self":[{"href":"http:\/\/poradnictwo.deignis.pl\/index.php\/wp-json\/wp\/v2\/pages\/78","targetHints":{"allow":["GET"]}}],"collection":[{"href":"http:\/\/poradnictwo.deignis.pl\/index.php\/wp-json\/wp\/v2\/pages"}],"about":[{"href":"http:\/\/poradnictwo.deignis.pl\/index.php\/wp-json\/wp\/v2\/types\/page"}],"author":[{"embeddable":true,"href":"http:\/\/poradnictwo.deignis.pl\/index.php\/wp-json\/wp\/v2\/users\/1"}],"replies":[{"embeddable":true,"href":"http:\/\/poradnictwo.deignis.pl\/index.php\/wp-json\/wp\/v2\/comments?post=78"}],"version-history":[{"count":3,"href":"http:\/\/poradnictwo.deignis.pl\/index.php\/wp-json\/wp\/v2\/pages\/78\/revisions"}],"predecessor-version":[{"id":155,"href":"http:\/\/poradnictwo.deignis.pl\/index.php\/wp-json\/wp\/v2\/pages\/78\/revisions\/155"}],"wp:attachment":[{"href":"http:\/\/poradnictwo.deignis.pl\/index.php\/wp-json\/wp\/v2\/media?parent=78"}],"curies":[{"name":"wp","href":"https:\/\/api.w.org\/{rel}","templated":true}]}}