{"id":21,"date":"2016-10-18T09:56:24","date_gmt":"2016-10-18T07:56:24","guid":{"rendered":"http:\/\/poradnictwo.deignis.pl\/?page_id=21"},"modified":"2017-10-31T22:48:24","modified_gmt":"2017-10-31T21:48:24","slug":"o-nas","status":"publish","type":"page","link":"https:\/\/poradnictwo.deignis.pl\/index.php\/aktualnosci\/o-nas\/","title":{"rendered":"O nas"},"content":{"rendered":"<p><span style=\"color: #000000;\">Celem powo\u0142ania do istnienia sieci punkt\u00f3w poradnictwa Ichthys jest zapewnienie przeszkolenia i wsparcia osobom, kt\u00f3re zajmuj\u0105 si\u0119 duszpasterstwem w Ko\u015bciele, a tak\u017ce absolwentom kursu DE&#8217;IGNIS, kt\u00f3rzy zajmuj\u0105 si\u0119 poradnictwem tak\u017ce poza Ko\u015bcio\u0142em. Korzystamy z do\u015bwiadcze\u0144 przyjaci\u00f3\u0142 z Niemiec dzia\u0142aj\u0105cych w ramach kliniki de&#8217;ignis oraz domu Tabor wsp\u00f3\u0142pracuj\u0105cego z deignis. Ponadto czerpiemy od r\u00f3\u017cnych os\u00f3b z Polski maj\u0105cych do\u015bwiadczenie duszpasterskie i w poradnictwie.\u00a0<\/span><\/p>\n<p>&nbsp;<\/p>\n","protected":false},"excerpt":{"rendered":"<p>Celem powo\u0142ania do istnienia sieci punkt\u00f3w poradnictwa Ichthys jest zapewnienie przeszkolenia i wsparcia osobom, kt\u00f3re zajmuj\u0105 si\u0119 duszpasterstwem w Ko\u015bciele, a tak\u017ce absolwentom kursu DE&#8217;IGNIS, kt\u00f3rzy zajmuj\u0105 si\u0119 poradnictwem tak\u017ce poza Ko\u015bcio\u0142em. Korzystamy z do\u015bwiadcze\u0144 przyjaci\u00f3\u0142 z Niemiec dzia\u0142aj\u0105cych w ramach kliniki de&#8217;ignis oraz domu Tabor wsp\u00f3\u0142pracuj\u0105cego z deignis. Ponadto czerpiemy od r\u00f3\u017cnych os\u00f3b z &#8230; <a title=\"O nas\" class=\"read-more\" href=\"https:\/\/poradnictwo.deignis.pl\/index.php\/aktualnosci\/o-nas\/\" aria-label=\"Dowiedz si\u0119 wi\u0119cej o O nas\">czytaj dalej<\/a><\/p>\n","protected":false},"author":1,"featured_media":0,"parent":18,"menu_order":0,"comment_status":"closed","ping_status":"closed","template":"","meta":{"generate_page_header":"","footnotes":""},"class_list":["post-21","page","type-page","status-publish"],"_links":{"self":[{"href":"https:\/\/poradnictwo.deignis.pl\/index.php\/wp-json\/wp\/v2\/pages\/21","targetHints":{"allow":["GET"]}}],"collection":[{"href":"https:\/\/poradnictwo.deignis.pl\/index.php\/wp-json\/wp\/v2\/pages"}],"about":[{"href":"https:\/\/poradnictwo.deignis.pl\/index.php\/wp-json\/wp\/v2\/types\/page"}],"author":[{"embeddable":true,"href":"https:\/\/poradnictwo.deignis.pl\/index.php\/wp-json\/wp\/v2\/users\/1"}],"replies":[{"embeddable":true,"href":"https:\/\/poradnictwo.deignis.pl\/index.php\/wp-json\/wp\/v2\/comments?post=21"}],"version-history":[{"count":7,"href":"https:\/\/poradnictwo.deignis.pl\/index.php\/wp-json\/wp\/v2\/pages\/21\/revisions"}],"predecessor-version":[{"id":338,"href":"https:\/\/poradnictwo.deignis.pl\/index.php\/wp-json\/wp\/v2\/pages\/21\/revisions\/338"}],"up":[{"embeddable":true,"href":"https:\/\/poradnictwo.deignis.pl\/index.php\/wp-json\/wp\/v2\/pages\/18"}],"wp:attachment":[{"href":"https:\/\/poradnictwo.deignis.pl\/index.php\/wp-json\/wp\/v2\/media?parent=21"}],"curies":[{"name":"wp","href":"https:\/\/api.w.org\/{rel}","templated":true}]}}