{"id":31,"date":"2016-10-18T10:00:34","date_gmt":"2016-10-18T08:00:34","guid":{"rendered":"http:\/\/poradnictwo.deignis.pl\/?page_id=31"},"modified":"2025-02-04T18:22:36","modified_gmt":"2025-02-04T17:22:36","slug":"radom","status":"publish","type":"page","link":"https:\/\/poradnictwo.deignis.pl\/index.php\/lista-punktow\/radom\/","title":{"rendered":"Radom"},"content":{"rendered":"<h3><strong>+ Chrze\u015bcija\u0144ski Punkt Poradnictwa w Radomiu<\/strong><\/h3>\n<p>ul. Biznesowa 9, Radom, pok\u00f3j 39<br \/>\n<strong>Iwona Stanik<\/strong> (doradca), tel. 660-566-111<\/p>\n<h3><strong>+\u00a0<\/strong><strong>Prywatna Chrze\u015bcija\u0144ska Poradnia Psychologiczna \u201eIMPULS\u201d<\/strong><\/h3>\n<p><strong>Beata Po\u0142omska<\/strong> (psycholog), tel. 604-090-307<br \/>\n26-600 Radom, ul. Czarnoleska 6<br \/>\nTak\u017ce terapia on-line<br \/>\nSzczeg\u00f3\u0142y na stronie: <a href=\"http:\/\/www.psycholog-chrzescijanski.pl\/\" target=\"_blank\" rel=\"noopener\">www.psycholog-chrzescijanski.pl<\/a><\/p>\n","protected":false},"excerpt":{"rendered":"<p>+ Chrze\u015bcija\u0144ski Punkt Poradnictwa w Radomiu ul. Biznesowa 9, Radom, pok\u00f3j 39 Iwona Stanik (doradca), tel. 660-566-111 +\u00a0Prywatna Chrze\u015bcija\u0144ska Poradnia Psychologiczna \u201eIMPULS\u201d Beata Po\u0142omska (psycholog), tel. 604-090-307 26-600 Radom, ul. Czarnoleska 6 Tak\u017ce terapia on-line Szczeg\u00f3\u0142y na stronie: www.psycholog-chrzescijanski.pl<\/p>\n","protected":false},"author":1,"featured_media":0,"parent":10,"menu_order":0,"comment_status":"closed","ping_status":"closed","template":"","meta":{"generate_page_header":"","footnotes":""},"class_list":["post-31","page","type-page","status-publish"],"_links":{"self":[{"href":"https:\/\/poradnictwo.deignis.pl\/index.php\/wp-json\/wp\/v2\/pages\/31","targetHints":{"allow":["GET"]}}],"collection":[{"href":"https:\/\/poradnictwo.deignis.pl\/index.php\/wp-json\/wp\/v2\/pages"}],"about":[{"href":"https:\/\/poradnictwo.deignis.pl\/index.php\/wp-json\/wp\/v2\/types\/page"}],"author":[{"embeddable":true,"href":"https:\/\/poradnictwo.deignis.pl\/index.php\/wp-json\/wp\/v2\/users\/1"}],"replies":[{"embeddable":true,"href":"https:\/\/poradnictwo.deignis.pl\/index.php\/wp-json\/wp\/v2\/comments?post=31"}],"version-history":[{"count":9,"href":"https:\/\/poradnictwo.deignis.pl\/index.php\/wp-json\/wp\/v2\/pages\/31\/revisions"}],"predecessor-version":[{"id":602,"href":"https:\/\/poradnictwo.deignis.pl\/index.php\/wp-json\/wp\/v2\/pages\/31\/revisions\/602"}],"up":[{"embeddable":true,"href":"https:\/\/poradnictwo.deignis.pl\/index.php\/wp-json\/wp\/v2\/pages\/10"}],"wp:attachment":[{"href":"https:\/\/poradnictwo.deignis.pl\/index.php\/wp-json\/wp\/v2\/media?parent=31"}],"curies":[{"name":"wp","href":"https:\/\/api.w.org\/{rel}","templated":true}]}}