{"id":36,"date":"2016-10-18T10:04:45","date_gmt":"2016-10-18T08:04:45","guid":{"rendered":"http:\/\/poradnictwo.deignis.pl\/?page_id=36"},"modified":"2025-02-04T18:23:34","modified_gmt":"2025-02-04T17:23:34","slug":"wroclaw","status":"publish","type":"page","link":"https:\/\/poradnictwo.deignis.pl\/index.php\/lista-punktow\/wroclaw\/","title":{"rendered":"Wroc\u0142aw"},"content":{"rendered":"<h3><strong>+ Chrze\u015bcija\u0144ski Punkt Poradnictwa we Wroc\u0142awiu<\/strong><\/h3>\n<p>ul.S\u0119pia 2\/6, 53-110 Wroc\u0142aw<br \/>\ntel. 455-409-554<br \/>\n<strong>Ireneusz Bilski <\/strong>(terapeuta),<strong> Kinga Bilska<\/strong><\/p>\n","protected":false},"excerpt":{"rendered":"<p>+ Chrze\u015bcija\u0144ski Punkt Poradnictwa we Wroc\u0142awiu ul.S\u0119pia 2\/6, 53-110 Wroc\u0142aw tel. 455-409-554 Ireneusz Bilski (terapeuta), Kinga Bilska<\/p>\n","protected":false},"author":1,"featured_media":0,"parent":10,"menu_order":0,"comment_status":"closed","ping_status":"closed","template":"","meta":{"generate_page_header":"","footnotes":""},"class_list":["post-36","page","type-page","status-publish"],"_links":{"self":[{"href":"https:\/\/poradnictwo.deignis.pl\/index.php\/wp-json\/wp\/v2\/pages\/36","targetHints":{"allow":["GET"]}}],"collection":[{"href":"https:\/\/poradnictwo.deignis.pl\/index.php\/wp-json\/wp\/v2\/pages"}],"about":[{"href":"https:\/\/poradnictwo.deignis.pl\/index.php\/wp-json\/wp\/v2\/types\/page"}],"author":[{"embeddable":true,"href":"https:\/\/poradnictwo.deignis.pl\/index.php\/wp-json\/wp\/v2\/users\/1"}],"replies":[{"embeddable":true,"href":"https:\/\/poradnictwo.deignis.pl\/index.php\/wp-json\/wp\/v2\/comments?post=36"}],"version-history":[{"count":4,"href":"https:\/\/poradnictwo.deignis.pl\/index.php\/wp-json\/wp\/v2\/pages\/36\/revisions"}],"predecessor-version":[{"id":603,"href":"https:\/\/poradnictwo.deignis.pl\/index.php\/wp-json\/wp\/v2\/pages\/36\/revisions\/603"}],"up":[{"embeddable":true,"href":"https:\/\/poradnictwo.deignis.pl\/index.php\/wp-json\/wp\/v2\/pages\/10"}],"wp:attachment":[{"href":"https:\/\/poradnictwo.deignis.pl\/index.php\/wp-json\/wp\/v2\/media?parent=36"}],"curies":[{"name":"wp","href":"https:\/\/api.w.org\/{rel}","templated":true}]}}