{"id":50,"date":"2016-10-18T10:10:25","date_gmt":"2016-10-18T08:10:25","guid":{"rendered":"http:\/\/poradnictwo.deignis.pl\/?page_id=50"},"modified":"2023-06-13T15:04:08","modified_gmt":"2023-06-13T13:04:08","slug":"media","status":"publish","type":"page","link":"https:\/\/poradnictwo.deignis.pl\/index.php\/media\/","title":{"rendered":"Nagrania wyk\u0142ad\u00f3w"},"content":{"rendered":"<p>Zapraszamy do obejrzenia nauczania Winfrieda Hahna: <a href=\"https:\/\/youtu.be\/sMy_SYXsHIE\">Sta\u0144 si\u0119 tym, kim ju\u017c jeste\u015b i we\u017a w posiadanie to, co ju\u017c masz.<\/a>.<\/p>\n<p>Zapraszamy do obejrzenia fragment\u00f3w wyk\u0142adu psychotraumatolog Moniki Szary podczas Letniej Szko\u0142y Duszpasterstwa 2021 na temat traumy:<\/p>\n<ul>\n<li><a href=\"https:\/\/www.youtube.com\/watch?v=jCdzeVkHzS8\">Trauma: przemoc.<\/a><\/li>\n<li><a href=\"https:\/\/www.youtube.com\/watch?v=C-OWwgLiJpQ\">Trauma: kazirodztwo.<\/a><\/li>\n<\/ul>\n<p>Obejrzyj wyk\u0142ad dr Herberta Scheiblicha nagrany na spotkanie punkt\u00f3w poradnictwa Ichthys w maju 2020 roku:\u00a0<a href=\"https:\/\/youtu.be\/7J_MO5UYgLE\">Strategie duszpasterskie wobec ADHD<\/a><\/p>\n<p>Pos\u0142uchaj nagra\u0144 z nauczania Winfrieda Hahna ze spotkania Poradnictwa Ichthys w kwietnia 2015 roku:<\/p>\n<ul style=\"list-style-type: disc;\">\n<li><a href=\"http:\/\/deignis.pl\/pliki\/2015_04_11ichthys2.mp3\">Duszpasterstwo<\/a> (1 h 10 min)<\/li>\n<li><a href=\"http:\/\/deignis.pl\/pliki\/2015_04_11ichthys3.mp3\">Borderline<\/a> (1 h 36 min)<\/li>\n<\/ul>\n<p>Wyk\u0142ady ze spotkania punkt\u00f3w poradnictwa, 18 maja 2019 roku:<\/p>\n<ul style=\"list-style-type: disc;\">\n<li>Winfried Hahn <em>Duchowe podstawy pomocy w schizofrenii<\/em><\/li>\n<li>Herbert Scheiblich <em>Podstawowe objawy schizofrenii\u00a0<\/em><\/li>\n<li>Herbert Scheiblich <em>Pog\u0142\u0119bienie zrozumienia shizofrenii\u00a0<\/em><\/li>\n<li>Herbert Scheiblich <em>Terapie schizofrenii\u00a0<\/em><\/li>\n<li>Prezentacja do wyk\u0142ad\u00f3w Herberta Scheiblicha<\/li>\n<li>Ma\u0142gorzata Ocios <em>Objawy psychopatologiczne w wybranych chorobach somatycznych\u00a0<\/em><\/li>\n<li>Prezentacja do wyk\u0142adu Ma\u0142gorzaty Ocios<\/li>\n<\/ul>\n<p>Wyk\u0142ady ze spotkania punkt\u00f3w poradnictwa, 28 pa\u017adziernika 2017 roku:<\/p>\n<ul style=\"list-style-type: disc;\">\n<li>Winfried Hahn <em>Poradnictwo &#8211; po\u0142\u0105czenie biblijnego i naukowego podej\u015bcia.<\/em><\/li>\n<li>Herbert Scheiblich\u00a0<em>Osobowo\u015b\u0107 cz\u0142owieka &#8211; przegl\u0105d i zaburzenia.<\/em><\/li>\n<li>Herbert Scheiblich <em>Terapia Borderline<\/em><\/li>\n<\/ul>\n<p>O nagrania powy\u017cszych wyk\u0142ad\u00f3w mo\u017cna poprosi\u0107 przez <a href=\"http:\/\/poradnictwo.deignis.pl\/index.php\/kontakt\/\">formularz kontaktowy<\/a> &#8211; prosimy o z\u0142o\u017cenie darowizny na rzecz Fundacji DE&#8217;IGNIS Polska poprzez wp\u0142at\u0119 na:<\/p>\n<p class=\"bodytext\">Fundacja DE&#8217;IGNIS Polska<br \/>\nPomysk Wielki 61 a, 77-100 Byt\u00f3w<\/p>\n<p class=\"bodytext\">Numer konta: <strong>51 1240 3783 1111 0010 0352 3433<\/strong><\/p>\n<p>Wszelkiego rodzaju wsparcie pomo\u017ce nam w pokryciu koszt\u00f3w spotka\u0144 oraz podniesieniu ich jako\u015bci.<\/p>\n","protected":false},"excerpt":{"rendered":"<p>Zapraszamy do obejrzenia nauczania Winfrieda Hahna: Sta\u0144 si\u0119 tym, kim ju\u017c jeste\u015b i we\u017a w posiadanie to, co ju\u017c masz.. Zapraszamy do obejrzenia fragment\u00f3w wyk\u0142adu psychotraumatolog Moniki Szary podczas Letniej Szko\u0142y Duszpasterstwa 2021 na temat traumy: Trauma: przemoc. Trauma: kazirodztwo. Obejrzyj wyk\u0142ad dr Herberta Scheiblicha nagrany na spotkanie punkt\u00f3w poradnictwa Ichthys w maju 2020 roku:\u00a0Strategie &#8230; <a title=\"Nagrania wyk\u0142ad\u00f3w\" class=\"read-more\" href=\"https:\/\/poradnictwo.deignis.pl\/index.php\/media\/\" aria-label=\"Dowiedz si\u0119 wi\u0119cej o Nagrania wyk\u0142ad\u00f3w\">czytaj dalej<\/a><\/p>\n","protected":false},"author":1,"featured_media":0,"parent":0,"menu_order":0,"comment_status":"closed","ping_status":"closed","template":"","meta":{"generate_page_header":"","footnotes":""},"class_list":["post-50","page","type-page","status-publish"],"_links":{"self":[{"href":"https:\/\/poradnictwo.deignis.pl\/index.php\/wp-json\/wp\/v2\/pages\/50","targetHints":{"allow":["GET"]}}],"collection":[{"href":"https:\/\/poradnictwo.deignis.pl\/index.php\/wp-json\/wp\/v2\/pages"}],"about":[{"href":"https:\/\/poradnictwo.deignis.pl\/index.php\/wp-json\/wp\/v2\/types\/page"}],"author":[{"embeddable":true,"href":"https:\/\/poradnictwo.deignis.pl\/index.php\/wp-json\/wp\/v2\/users\/1"}],"replies":[{"embeddable":true,"href":"https:\/\/poradnictwo.deignis.pl\/index.php\/wp-json\/wp\/v2\/comments?post=50"}],"version-history":[{"count":12,"href":"https:\/\/poradnictwo.deignis.pl\/index.php\/wp-json\/wp\/v2\/pages\/50\/revisions"}],"predecessor-version":[{"id":557,"href":"https:\/\/poradnictwo.deignis.pl\/index.php\/wp-json\/wp\/v2\/pages\/50\/revisions\/557"}],"wp:attachment":[{"href":"https:\/\/poradnictwo.deignis.pl\/index.php\/wp-json\/wp\/v2\/media?parent=50"}],"curies":[{"name":"wp","href":"https:\/\/api.w.org\/{rel}","templated":true}]}}